{"id":2933,"date":"2022-10-26T15:32:01","date_gmt":"2022-10-26T19:32:01","guid":{"rendered":"https:\/\/thermovision.reactif.co\/accessoires\/"},"modified":"2026-02-16T11:43:25","modified_gmt":"2026-02-16T16:43:25","slug":"accessoires","status":"publish","type":"page","link":"https:\/\/thermovision.ca\/en\/accessoires\/","title":{"rendered":"Accessories"},"content":{"rendered":"","protected":false},"excerpt":{"rendered":"","protected":false},"author":1,"featured_media":0,"parent":0,"menu_order":0,"comment_status":"closed","ping_status":"closed","template":"template-accessoires.php","meta":{"_acf_changed":false,"footnotes":""},"class_list":["post-2933","page","type-page","status-publish","hentry"],"acf":[],"yoast_head":"<!-- This site is optimized with the Yoast SEO Premium plugin v26.5 (Yoast SEO v26.5) - https:\/\/yoast.com\/wordpress\/plugins\/seo\/ -->\n<title>Accessories - Thermovision<\/title>\n<meta name=\"robots\" content=\"index, follow, max-snippet:-1, max-image-preview:large, max-video-preview:-1\" \/>\n<link rel=\"canonical\" href=\"https:\/\/thermovision.ca\/en\/accessoires\/\" \/>\n<meta property=\"og:locale\" content=\"en_US\" \/>\n<meta property=\"og:type\" content=\"article\" \/>\n<meta property=\"og:title\" content=\"Accessories\" \/>\n<meta property=\"og:url\" content=\"https:\/\/thermovision.ca\/en\/accessoires\/\" \/>\n<meta property=\"og:site_name\" content=\"Thermovision\" \/>\n<meta property=\"article:modified_time\" content=\"2026-02-16T16:43:25+00:00\" \/>\n<meta property=\"og:image\" content=\"https:\/\/thermovision.ca\/wp-content\/uploads\/2025\/12\/frame-72.webp\" \/>\n\t<meta property=\"og:image:width\" content=\"696\" \/>\n\t<meta property=\"og:image:height\" content=\"696\" \/>\n\t<meta property=\"og:image:type\" content=\"image\/webp\" \/>\n<meta name=\"twitter:card\" content=\"summary_large_image\" \/>\n<script type=\"application\/ld+json\" class=\"yoast-schema-graph\">{\"@context\":\"https:\/\/schema.org\",\"@graph\":[{\"@type\":\"WebPage\",\"@id\":\"https:\/\/thermovision.ca\/en\/accessoires\/\",\"url\":\"https:\/\/thermovision.ca\/en\/accessoires\/\",\"name\":\"Accessories - Thermovision\",\"isPartOf\":{\"@id\":\"https:\/\/thermovision.ca\/#website\"},\"datePublished\":\"2022-10-26T19:32:01+00:00\",\"dateModified\":\"2026-02-16T16:43:25+00:00\",\"breadcrumb\":{\"@id\":\"https:\/\/thermovision.ca\/en\/accessoires\/#breadcrumb\"},\"inLanguage\":\"en-US\",\"potentialAction\":[{\"@type\":\"ReadAction\",\"target\":[\"https:\/\/thermovision.ca\/en\/accessoires\/\"]}]},{\"@type\":\"BreadcrumbList\",\"@id\":\"https:\/\/thermovision.ca\/en\/accessoires\/#breadcrumb\",\"itemListElement\":[{\"@type\":\"ListItem\",\"position\":1,\"name\":\"Accueil\",\"item\":\"https:\/\/thermovision.ca\/en\/\"},{\"@type\":\"ListItem\",\"position\":2,\"name\":\"Accessories\"}]},{\"@type\":\"WebSite\",\"@id\":\"https:\/\/thermovision.ca\/#website\",\"url\":\"https:\/\/thermovision.ca\/\",\"name\":\"Thermovision\",\"description\":\"Notre vision, votre futur !\",\"publisher\":{\"@id\":\"https:\/\/thermovision.ca\/#organization\"},\"potentialAction\":[{\"@type\":\"SearchAction\",\"target\":{\"@type\":\"EntryPoint\",\"urlTemplate\":\"https:\/\/thermovision.ca\/?s={search_term_string}\"},\"query-input\":{\"@type\":\"PropertyValueSpecification\",\"valueRequired\":true,\"valueName\":\"search_term_string\"}}],\"inLanguage\":\"en-US\"},{\"@type\":\"Organization\",\"@id\":\"https:\/\/thermovision.ca\/#organization\",\"name\":\"Thermovision\",\"url\":\"https:\/\/thermovision.ca\/\",\"logo\":{\"@type\":\"ImageObject\",\"inLanguage\":\"en-US\",\"@id\":\"https:\/\/thermovision.ca\/#\/schema\/logo\/image\/\",\"url\":\"https:\/\/thermovision.ca\/wp-content\/uploads\/2025\/12\/frame-72.webp\",\"contentUrl\":\"https:\/\/thermovision.ca\/wp-content\/uploads\/2025\/12\/frame-72.webp\",\"width\":696,\"height\":696,\"caption\":\"Thermovision\"},\"image\":{\"@id\":\"https:\/\/thermovision.ca\/#\/schema\/logo\/image\/\"},\"description\":\"Manufacturier renomm\u00e9 de portes d\u2019armoires haut de gamme depuis plus de 25 ans, Thermovision cr\u00e9e des produits uniques dont la qualit\u00e9 et la durabilit\u00e9 sont reconnues par l\u2019industrie.\",\"email\":\"craymond@thermovision.ca\",\"telephone\":\"438-524-3912\",\"legalName\":\"Thermovision\",\"foundingDate\":\"1997-01-01\",\"numberOfEmployees\":{\"@type\":\"QuantitativeValue\",\"minValue\":\"201\",\"maxValue\":\"500\"}}]}<\/script>\n<!-- \/ Yoast SEO Premium plugin. -->","yoast_head_json":{"title":"Accessories - Thermovision","robots":{"index":"index","follow":"follow","max-snippet":"max-snippet:-1","max-image-preview":"max-image-preview:large","max-video-preview":"max-video-preview:-1"},"canonical":"https:\/\/thermovision.ca\/en\/accessoires\/","og_locale":"en_US","og_type":"article","og_title":"Accessories","og_url":"https:\/\/thermovision.ca\/en\/accessoires\/","og_site_name":"Thermovision","article_modified_time":"2026-02-16T16:43:25+00:00","og_image":[{"width":696,"height":696,"url":"https:\/\/thermovision.ca\/wp-content\/uploads\/2025\/12\/frame-72.webp","type":"image\/webp"}],"twitter_card":"summary_large_image","schema":{"@context":"https:\/\/schema.org","@graph":[{"@type":"WebPage","@id":"https:\/\/thermovision.ca\/en\/accessoires\/","url":"https:\/\/thermovision.ca\/en\/accessoires\/","name":"Accessories - Thermovision","isPartOf":{"@id":"https:\/\/thermovision.ca\/#website"},"datePublished":"2022-10-26T19:32:01+00:00","dateModified":"2026-02-16T16:43:25+00:00","breadcrumb":{"@id":"https:\/\/thermovision.ca\/en\/accessoires\/#breadcrumb"},"inLanguage":"en-US","potentialAction":[{"@type":"ReadAction","target":["https:\/\/thermovision.ca\/en\/accessoires\/"]}]},{"@type":"BreadcrumbList","@id":"https:\/\/thermovision.ca\/en\/accessoires\/#breadcrumb","itemListElement":[{"@type":"ListItem","position":1,"name":"Accueil","item":"https:\/\/thermovision.ca\/en\/"},{"@type":"ListItem","position":2,"name":"Accessories"}]},{"@type":"WebSite","@id":"https:\/\/thermovision.ca\/#website","url":"https:\/\/thermovision.ca\/","name":"Thermovision","description":"Notre vision, votre futur !","publisher":{"@id":"https:\/\/thermovision.ca\/#organization"},"potentialAction":[{"@type":"SearchAction","target":{"@type":"EntryPoint","urlTemplate":"https:\/\/thermovision.ca\/?s={search_term_string}"},"query-input":{"@type":"PropertyValueSpecification","valueRequired":true,"valueName":"search_term_string"}}],"inLanguage":"en-US"},{"@type":"Organization","@id":"https:\/\/thermovision.ca\/#organization","name":"Thermovision","url":"https:\/\/thermovision.ca\/","logo":{"@type":"ImageObject","inLanguage":"en-US","@id":"https:\/\/thermovision.ca\/#\/schema\/logo\/image\/","url":"https:\/\/thermovision.ca\/wp-content\/uploads\/2025\/12\/frame-72.webp","contentUrl":"https:\/\/thermovision.ca\/wp-content\/uploads\/2025\/12\/frame-72.webp","width":696,"height":696,"caption":"Thermovision"},"image":{"@id":"https:\/\/thermovision.ca\/#\/schema\/logo\/image\/"},"description":"Manufacturier renomm\u00e9 de portes d\u2019armoires haut de gamme depuis plus de 25 ans, Thermovision cr\u00e9e des produits uniques dont la qualit\u00e9 et la durabilit\u00e9 sont reconnues par l\u2019industrie.","email":"craymond@thermovision.ca","telephone":"438-524-3912","legalName":"Thermovision","foundingDate":"1997-01-01","numberOfEmployees":{"@type":"QuantitativeValue","minValue":"201","maxValue":"500"}}]}},"_links":{"self":[{"href":"https:\/\/thermovision.ca\/en\/wp-json\/wp\/v2\/pages\/2933","targetHints":{"allow":["GET"]}}],"collection":[{"href":"https:\/\/thermovision.ca\/en\/wp-json\/wp\/v2\/pages"}],"about":[{"href":"https:\/\/thermovision.ca\/en\/wp-json\/wp\/v2\/types\/page"}],"author":[{"embeddable":true,"href":"https:\/\/thermovision.ca\/en\/wp-json\/wp\/v2\/users\/1"}],"replies":[{"embeddable":true,"href":"https:\/\/thermovision.ca\/en\/wp-json\/wp\/v2\/comments?post=2933"}],"version-history":[{"count":5,"href":"https:\/\/thermovision.ca\/en\/wp-json\/wp\/v2\/pages\/2933\/revisions"}],"predecessor-version":[{"id":5735,"href":"https:\/\/thermovision.ca\/en\/wp-json\/wp\/v2\/pages\/2933\/revisions\/5735"}],"wp:attachment":[{"href":"https:\/\/thermovision.ca\/en\/wp-json\/wp\/v2\/media?parent=2933"}],"curies":[{"name":"wp","href":"https:\/\/api.w.org\/{rel}","templated":true}]}}